{"id":14,"date":"2022-12-15T10:25:06","date_gmt":"2022-12-15T09:25:06","guid":{"rendered":"http:\/\/nas-igli.local\/WordPress\/?page_id=14"},"modified":"2023-03-04T12:25:14","modified_gmt":"2023-03-04T11:25:14","slug":"the-new-umoma-opens-its-doors-2","status":"publish","type":"page","link":"http:\/\/www.ademi-bau.at\/","title":{"rendered":"Bauen wir gemeinsam"},"content":{"rendered":"\n<div class=\"wp-block-group alignwide\"><div class=\"wp-block-group__inner-container is-layout-flow wp-block-group-is-layout-flow\">\n<h3 class=\"has-text-align-center wp-block-heading\">Wir beweisen es t\u00e4glich: Anspruchsvolle Bauprojekte sind unser Gesch\u00e4ft. <\/h3>\n\n\n\n<p class=\"has-drop-cap\">Wir suchen das Besondere und haben keine Angst vor Gr\u00f6\u00dfe. Denn nur wenn man an seine Grenzen geht, kann Gro\u00dfes entstehen. Unser Markt sind die anspruchsvollen Projekte. Dort finden wir unsere Herausforderungen. Denn wir sind Bauindustrie und keine Handwerker. Als Ausbau-Dienstleister mit umfangreichem Know-how stellen wir uns jeder Aufgabe und liefern f\u00fcr jeder Projekt die passende L\u00f6sung. Es gibt keinen Objekttyp, den wir nicht kennen. Unser Plus ist die Vielfalt. Wir stehen mit beiden Beinen auf dem Boden, sind mit dem Herzen bei der Sache und richten den Blick Richtung Zukunft \u2013 so sichern wir Erfolge, auf deren Qualit\u00e4t Sie sich als Kunde verlassen k\u00f6nnen.<\/p>\n\n\n\n<p class=\"has-text-align-left\">Seit 2014 wissen wir unsere Auftraggeber von unseren Leistungen zu \u00fcberzeugen. Wir bieten umfassende und individuelle Trockenbau L\u00f6sungen an. Ob f\u00fcr Kleinprojekte oder Gro\u00dfbauten &#8211; wir haben bereits in vielz\u00e4hligen Projekten mitgewirkt und k\u00f6nnen Ihnen (fast) jeden Wunsch erf\u00fcllen! <\/p>\n\n\n\n<h3 class=\"has-text-align-center wp-block-heading\">Fundierte Kompetenz im Innenausbau Management und Trockenausbau<\/h3>\n\n\n\n<p class=\"has-drop-cap\">Rund 45 Mitarbeiterinnen und Mitarbeiter folgen einer Idee: Ademi Sanierung- und Trockenbau GmbH ist der Spezialist f\u00fcr den modernen Innenausbau. Unsere Angebote sind gemacht f\u00fcr die komplexen Anforderungen der heutigen Bauprojekte. Wir b\u00fcndeln Ausbaugewerke projektbezogen und verkn\u00fcpfen unsere Leistungen in Planung, Koordination und Ausf\u00fchrung. Im Zentrum unserer Projekte steht meist der Trockenbau. Ganz gleich welche Art von Objekt, welche Art der Nutzung \u2013 Entsprechend den optischen und technischen Anforderungen verwenden wir das geeignete Trockenbau-Produkt. Wir sind Partner aller gro\u00dfen \u00d6sterreichischer Systemhersteller und behaupten von uns: Wir kennen den Markt.<\/p>\n\n\n\n<h5 class=\"has-text-align-center wp-block-heading\">Entscheiden Sie sich f\u00fcr einen smarten Projektablauf<\/h5>\n\n\n\n<ul class=\"wp-block-list\">\n<li>alle Ausbaugewerke unter einem Dach, zentraler Ansprechpartner f\u00fcr Ihr Projekt, BIM-basiertes Arbeiten und Angebot<\/li>\n<\/ul>\n<\/div><\/div>\n\n\n\n<div class=\"wp-block-columns alignwide is-layout-flex wp-container-core-columns-is-layout-9d6595d7 wp-block-columns-is-layout-flex\">\n<div class=\"wp-block-column is-layout-flow wp-block-column-is-layout-flow\">\n<div class=\"wp-block-group\"><div class=\"wp-block-group__inner-container is-layout-flow wp-block-group-is-layout-flow\">\n<figure class=\"wp-block-image alignfull size-full\"><img loading=\"lazy\" decoding=\"async\" width=\"1000\" height=\"667\" src=\"http:\/\/www.ademi-bau.at\/wp-content\/uploads\/2022\/12\/image.jpeg\" alt=\"\" class=\"wp-image-98\" srcset=\"http:\/\/www.ademi-bau.at\/wp-content\/uploads\/2022\/12\/image.jpeg 1000w, http:\/\/www.ademi-bau.at\/wp-content\/uploads\/2022\/12\/image-300x200.jpeg 300w, http:\/\/www.ademi-bau.at\/wp-content\/uploads\/2022\/12\/image-768x512.jpeg 768w\" sizes=\"auto, (max-width: 1000px) 100vw, 1000px\" \/><\/figure>\n\n\n\n<h3 class=\"wp-block-heading\">Unverbindliche Angebot<\/h3>\n\n\n\n<p class=\"has-drop-cap\">Sie suchen Qualit\u00e4t in der Ausf\u00fchrung? Effizienz in der Koordination und Organisation? Erfahrung mit Gro\u00dfprojekten? Ademi Sanierung- und Trockenbau GmbH ist der Ausbau-Dienstleister. Leistung und Erfolg Standort in Wien\/\u00d6sterreich.<\/p>\n\n\n\n<div class=\"wp-block-button is-style-outline is-style-outline--1\"><a class=\"wp-block-button__link wp-element-button\" href=\"https:\/\/make.wordpress.org\/core\/2019\/09\/27\/block-editor-theme-related-updates-in-wordpress-5-3\/\">Read More<\/a><\/div>\n<\/div><\/div>\n\n\n\n<div class=\"wp-block-group\"><div class=\"wp-block-group__inner-container is-layout-flow wp-block-group-is-layout-flow\">\n<figure class=\"wp-block-image alignfull size-full\"><img loading=\"lazy\" decoding=\"async\" width=\"274\" height=\"184\" src=\"http:\/\/www.ademi-bau.at\/wp-content\/uploads\/2022\/12\/image-2.jpeg\" alt=\"\" class=\"wp-image-103\"\/><\/figure>\n\n\n\n<h3 class=\"wp-block-heading\">Planung<\/h3>\n\n\n\n<p class=\"has-drop-cap\">Bei Neubau oder Sanierung sollte der Innenausbau gut geplant werden \u2013 sowohl kostentechnisch als auch vom Ablauf her. Schlie\u00dflich geht es darum, W\u00e4nde, B\u00f6den, Installationen, Fenster, T\u00fcren und Co. in m\u00f6glichst effizienter Weise einzubauen. Dabei gibt es viele Faktoren zu beachten \u2013 und jede Menge Entscheidungen zu treffen<\/p>\n\n\n\n<div class=\"wp-block-button is-style-outline is-style-outline--2\"><a class=\"wp-block-button__link wp-element-button\" href=\"https:\/\/make.wordpress.org\/core\/2019\/09\/27\/block-editor-theme-related-updates-in-wordpress-5-3\/\">Read More<\/a><\/div>\n<\/div><\/div>\n<\/div>\n\n\n\n<div class=\"wp-block-column is-layout-flow wp-block-column-is-layout-flow\">\n<div class=\"wp-block-group\"><div class=\"wp-block-group__inner-container is-layout-flow wp-block-group-is-layout-flow\">\n<figure class=\"wp-block-image alignfull size-large\"><img loading=\"lazy\" decoding=\"async\" width=\"1024\" height=\"683\" src=\"http:\/\/www.ademi-bau.at\/wp-content\/uploads\/2022\/12\/image-1024x683.png\" alt=\"\" class=\"wp-image-101\" srcset=\"http:\/\/www.ademi-bau.at\/wp-content\/uploads\/2022\/12\/image-1024x683.png 1024w, http:\/\/www.ademi-bau.at\/wp-content\/uploads\/2022\/12\/image-300x200.png 300w, http:\/\/www.ademi-bau.at\/wp-content\/uploads\/2022\/12\/image-768x512.png 768w, http:\/\/www.ademi-bau.at\/wp-content\/uploads\/2022\/12\/image-1536x1024.png 1536w, http:\/\/www.ademi-bau.at\/wp-content\/uploads\/2022\/12\/image-1200x800.png 1200w, http:\/\/www.ademi-bau.at\/wp-content\/uploads\/2022\/12\/image.png 1920w\" sizes=\"auto, (max-width: 1024px) 100vw, 1024px\" \/><\/figure>\n\n\n\n<h3 class=\"wp-block-heading\">Versicherungsschaden<\/h3>\n\n\n\n<p class=\"has-drop-cap\">Sie haben einen Bauschaden an Ihrer Immobile aufgrund von Baum\u00e4ngel? Ein Bauschaden ist eine Verschlechterung des Zustandes einer Immobilie und entsteht meist durch ein sch\u00e4digendes Ereignis oder fehlerhafte Bauweise.&nbsp;<\/p>\n\n\n\n<div class=\"wp-block-button is-style-outline is-style-outline--3\"><a class=\"wp-block-button__link wp-element-button\" href=\"https:\/\/make.wordpress.org\/core\/2019\/09\/27\/block-editor-theme-related-updates-in-wordpress-5-3\/\">Read More<\/a><\/div>\n<\/div><\/div>\n\n\n\n<div class=\"wp-block-group\"><div class=\"wp-block-group__inner-container is-layout-flow wp-block-group-is-layout-flow\">\n<figure class=\"wp-block-image alignfull size-large\"><img loading=\"lazy\" decoding=\"async\" width=\"1024\" height=\"683\" src=\"http:\/\/www.ademi-bau.at\/wp-content\/uploads\/2022\/12\/image-5-1024x683.jpeg\" alt=\"\" class=\"wp-image-107\" srcset=\"http:\/\/www.ademi-bau.at\/wp-content\/uploads\/2022\/12\/image-5-1024x683.jpeg 1024w, http:\/\/www.ademi-bau.at\/wp-content\/uploads\/2022\/12\/image-5-300x200.jpeg 300w, http:\/\/www.ademi-bau.at\/wp-content\/uploads\/2022\/12\/image-5-768x512.jpeg 768w, http:\/\/www.ademi-bau.at\/wp-content\/uploads\/2022\/12\/image-5.jpeg 1200w\" sizes=\"auto, (max-width: 1024px) 100vw, 1024px\" \/><\/figure>\n\n\n\n<h3 class=\"wp-block-heading\">Feldeinsatz<\/h3>\n\n\n\n<p class=\"has-drop-cap\">Eine gute&nbsp;<em>Organisation<\/em>&nbsp;und ein effizientes, sauberes Arbeiten sind dabei auf der Baustelle unerl\u00e4sslich. Effizientes und ordentliches Arbeiten lohnt sich. Eine hohe&nbsp;<em>Einsatzbereitschaft<\/em>&nbsp;bilden seit jeher das feste Fundament unseres Erfolges.<\/p>\n\n\n\n<div class=\"wp-block-button is-style-outline is-style-outline--4\"><a class=\"wp-block-button__link wp-element-button\" href=\"https:\/\/make.wordpress.org\/core\/2019\/09\/27\/block-editor-theme-related-updates-in-wordpress-5-3\/\">Read More<\/a><\/div>\n<\/div><\/div>\n<\/div>\n<\/div>\n\n\n\n<div class=\"wp-block-group alignwide\"><div class=\"wp-block-group__inner-container is-layout-flow wp-block-group-is-layout-flow\">\n<h2 class=\"has-text-align-center has-accent-color has-text-color wp-block-heading\">\u201cEine Leistung, die ihren Preis wirklich wert ist.\u201d<\/h2>\n<\/div><\/div>\n\n\n\n<p class=\"has-drop-cap\">Wir kennen die Anspr\u00fcche der Auftraggeber: Gefordert wird meist eine Leistung, die gut, schnell und g\u00fcnstig zu erbringen ist. Dieser Wunsch ist selten realistisch, denn die fachgerechte Ausf\u00fchrung ist aufw\u00e4ndig und hat ihren Preis. So sind wir nicht immer die Billigsten. Danach streben wir auch nicht. Was wir jedoch anbieten, ist eine Leistung, die ihren Preis wirklich wert ist.<\/p>\n\n\n\n<p>Wenn der Begriff \u201eTrockenbau\u201c f\u00e4llt, denken die meisten Heimwerker sofort an Rigips, also Gipskartonplatten. Und das ist auch grunds\u00e4tzlich richtig gedacht, denn ein Gro\u00dfteil aller Trockenbauprojekte besteht darin, Bauplatten auf eigens daf\u00fcr errichteten Unterkonstruktionen zu befestigen und so z. B. Trennw\u00e4nde, Installationsvorw\u00e4nde, Unterb\u00f6den, Abh\u00e4ngdecken oder Dachbodenausbauten zu realisieren. Anders als die Massivbauweise wird Trockenbautechnik vor allem im Innenbereich zur Montage und Raumgestaltung in Leichtbauweise genutzt.<\/p>\n\n\n\n<p><\/p>\n\n\n\n<div class=\"wp-block-group alignwide has-background\" style=\"background-color:#ffffff\"><div class=\"wp-block-group__inner-container is-layout-flow wp-block-group-is-layout-flow\">\n<div class=\"wp-block-group\"><div class=\"wp-block-group__inner-container is-layout-flow wp-block-group-is-layout-flow\">\n<h2 class=\"has-text-align-center wp-block-heading\">Kontaktieren Sie uns uns! Ihre Anliegen ist uns Wichtig!<\/h2>\n\n\n\n<p class=\"has-text-align-center\">Immer etwas besser zu sein als erwartet, ohne Ecken, ohne Kanten, das ist mit Sicherheit ein hoher Anspruch den wir an uns selbst stellen, aber anders k\u00f6nnen wir nicht.<\/p>\n\n\n\n<div class=\"wp-block-button aligncenter\"><a class=\"wp-block-button__link wp-element-button\" href=\"http:\/\/Kontakt\">hol dir dein Angebot&#8230;<\/a><\/div>\n<\/div><\/div>\n<\/div><\/div>\n\n\n\n<figure class=\"wp-block-gallery alignwide has-nested-images columns-2 is-cropped wp-block-gallery-5 is-layout-flex wp-block-gallery-is-layout-flex\">\n<figure class=\"wp-block-image size-full\"><img loading=\"lazy\" decoding=\"async\" width=\"600\" height=\"300\" data-id=\"104\" src=\"http:\/\/www.ademi-bau.at\/wp-content\/uploads\/2022\/12\/image-3.jpeg\" alt=\"\" class=\"wp-image-104\" srcset=\"http:\/\/www.ademi-bau.at\/wp-content\/uploads\/2022\/12\/image-3.jpeg 600w, http:\/\/www.ademi-bau.at\/wp-content\/uploads\/2022\/12\/image-3-300x150.jpeg 300w\" sizes=\"auto, (max-width: 600px) 100vw, 600px\" \/><\/figure>\n\n\n\n<figure class=\"wp-block-image size-full\"><img loading=\"lazy\" decoding=\"async\" width=\"800\" height=\"500\" data-id=\"135\" src=\"http:\/\/www.ademi-bau.at\/wp-content\/uploads\/2022\/12\/image-2.png\" alt=\"\" class=\"wp-image-135\" srcset=\"http:\/\/www.ademi-bau.at\/wp-content\/uploads\/2022\/12\/image-2.png 800w, http:\/\/www.ademi-bau.at\/wp-content\/uploads\/2022\/12\/image-2-300x188.png 300w, http:\/\/www.ademi-bau.at\/wp-content\/uploads\/2022\/12\/image-2-768x480.png 768w\" sizes=\"auto, (max-width: 800px) 100vw, 800px\" \/><\/figure>\n\n\n\n<figure class=\"wp-block-image size-full\"><img loading=\"lazy\" decoding=\"async\" width=\"1920\" height=\"960\" data-id=\"136\" src=\"http:\/\/www.ademi-bau.at\/wp-content\/uploads\/2022\/12\/image-3.png\" alt=\"\" class=\"wp-image-136\" srcset=\"http:\/\/www.ademi-bau.at\/wp-content\/uploads\/2022\/12\/image-3.png 1920w, http:\/\/www.ademi-bau.at\/wp-content\/uploads\/2022\/12\/image-3-300x150.png 300w, http:\/\/www.ademi-bau.at\/wp-content\/uploads\/2022\/12\/image-3-1024x512.png 1024w, http:\/\/www.ademi-bau.at\/wp-content\/uploads\/2022\/12\/image-3-768x384.png 768w, http:\/\/www.ademi-bau.at\/wp-content\/uploads\/2022\/12\/image-3-1536x768.png 1536w, http:\/\/www.ademi-bau.at\/wp-content\/uploads\/2022\/12\/image-3-1200x600.png 1200w\" sizes=\"auto, (max-width: 1920px) 100vw, 1920px\" \/><\/figure>\n\n\n\n<figure class=\"wp-block-image size-full\"><img loading=\"lazy\" decoding=\"async\" width=\"2000\" height=\"1333\" data-id=\"138\" src=\"http:\/\/www.ademi-bau.at\/wp-content\/uploads\/2022\/12\/image-7.jpeg\" alt=\"\" class=\"wp-image-138\" srcset=\"http:\/\/www.ademi-bau.at\/wp-content\/uploads\/2022\/12\/image-7.jpeg 2000w, http:\/\/www.ademi-bau.at\/wp-content\/uploads\/2022\/12\/image-7-300x200.jpeg 300w, http:\/\/www.ademi-bau.at\/wp-content\/uploads\/2022\/12\/image-7-1024x682.jpeg 1024w, http:\/\/www.ademi-bau.at\/wp-content\/uploads\/2022\/12\/image-7-768x512.jpeg 768w, http:\/\/www.ademi-bau.at\/wp-content\/uploads\/2022\/12\/image-7-1536x1024.jpeg 1536w, http:\/\/www.ademi-bau.at\/wp-content\/uploads\/2022\/12\/image-7-1200x800.jpeg 1200w, http:\/\/www.ademi-bau.at\/wp-content\/uploads\/2022\/12\/image-7-1980x1320.jpeg 1980w\" sizes=\"auto, (max-width: 2000px) 100vw, 2000px\" \/><\/figure>\n\n\n\n<figure class=\"wp-block-image size-large\"><img loading=\"lazy\" decoding=\"async\" width=\"1024\" height=\"682\" data-id=\"137\" src=\"http:\/\/www.ademi-bau.at\/wp-content\/uploads\/2022\/12\/image-6-1024x682.jpeg\" alt=\"\" class=\"wp-image-137\" srcset=\"http:\/\/www.ademi-bau.at\/wp-content\/uploads\/2022\/12\/image-6-1024x682.jpeg 1024w, http:\/\/www.ademi-bau.at\/wp-content\/uploads\/2022\/12\/image-6-300x200.jpeg 300w, http:\/\/www.ademi-bau.at\/wp-content\/uploads\/2022\/12\/image-6-768x512.jpeg 768w, http:\/\/www.ademi-bau.at\/wp-content\/uploads\/2022\/12\/image-6-1536x1024.jpeg 1536w, http:\/\/www.ademi-bau.at\/wp-content\/uploads\/2022\/12\/image-6-1200x800.jpeg 1200w, http:\/\/www.ademi-bau.at\/wp-content\/uploads\/2022\/12\/image-6-1980x1320.jpeg 1980w, http:\/\/www.ademi-bau.at\/wp-content\/uploads\/2022\/12\/image-6.jpeg 2000w\" sizes=\"auto, (max-width: 1024px) 100vw, 1024px\" \/><\/figure>\n\n\n\n<figure class=\"wp-block-image size-large\"><img loading=\"lazy\" decoding=\"async\" width=\"1000\" height=\"1000\" data-id=\"139\" src=\"http:\/\/www.ademi-bau.at\/wp-content\/uploads\/2022\/12\/image-8.jpeg\" alt=\"\" class=\"wp-image-139\" srcset=\"http:\/\/www.ademi-bau.at\/wp-content\/uploads\/2022\/12\/image-8.jpeg 1000w, http:\/\/www.ademi-bau.at\/wp-content\/uploads\/2022\/12\/image-8-300x300.jpeg 300w, http:\/\/www.ademi-bau.at\/wp-content\/uploads\/2022\/12\/image-8-150x150.jpeg 150w, http:\/\/www.ademi-bau.at\/wp-content\/uploads\/2022\/12\/image-8-768x768.jpeg 768w\" sizes=\"auto, (max-width: 1000px) 100vw, 1000px\" \/><\/figure>\n<\/figure>\n","protected":false},"excerpt":{"rendered":"<p>Wir beweisen es t\u00e4glich: Anspruchsvolle Bauprojekte sind unser Gesch\u00e4ft. Wir suchen das Besondere und haben keine Angst vor Gr\u00f6\u00dfe. Denn nur wenn man an seine Grenzen geht, kann Gro\u00dfes entstehen. Unser Markt sind die anspruchsvollen Projekte. Dort finden wir unsere Herausforderungen. Denn wir sind Bauindustrie und keine Handwerker. Als Ausbau-Dienstleister mit umfangreichem Know-how stellen wir [&hellip;]<\/p>\n","protected":false},"author":1,"featured_media":252,"parent":0,"menu_order":0,"comment_status":"closed","ping_status":"closed","template":"templates\/template-full-width.php","meta":{"_ti_tpc_template_sync":false,"_ti_tpc_template_id":"","footnotes":""},"class_list":["post-14","page","type-page","status-publish","has-post-thumbnail","hentry"],"_links":{"self":[{"href":"http:\/\/www.ademi-bau.at\/index.php?rest_route=\/wp\/v2\/pages\/14","targetHints":{"allow":["GET"]}}],"collection":[{"href":"http:\/\/www.ademi-bau.at\/index.php?rest_route=\/wp\/v2\/pages"}],"about":[{"href":"http:\/\/www.ademi-bau.at\/index.php?rest_route=\/wp\/v2\/types\/page"}],"author":[{"embeddable":true,"href":"http:\/\/www.ademi-bau.at\/index.php?rest_route=\/wp\/v2\/users\/1"}],"replies":[{"embeddable":true,"href":"http:\/\/www.ademi-bau.at\/index.php?rest_route=%2Fwp%2Fv2%2Fcomments&post=14"}],"version-history":[{"count":44,"href":"http:\/\/www.ademi-bau.at\/index.php?rest_route=\/wp\/v2\/pages\/14\/revisions"}],"predecessor-version":[{"id":278,"href":"http:\/\/www.ademi-bau.at\/index.php?rest_route=\/wp\/v2\/pages\/14\/revisions\/278"}],"wp:featuredmedia":[{"embeddable":true,"href":"http:\/\/www.ademi-bau.at\/index.php?rest_route=\/wp\/v2\/media\/252"}],"wp:attachment":[{"href":"http:\/\/www.ademi-bau.at\/index.php?rest_route=%2Fwp%2Fv2%2Fmedia&parent=14"}],"curies":[{"name":"wp","href":"https:\/\/api.w.org\/{rel}","templated":true}]}}