{"id":15,"date":"2022-12-15T10:25:06","date_gmt":"2022-12-15T09:25:06","guid":{"rendered":"http:\/\/nas-igli.local\/WordPress\/?page_id=15"},"modified":"2022-12-16T11:27:45","modified_gmt":"2022-12-16T10:27:45","slug":"ueber-uns","status":"publish","type":"page","link":"http:\/\/www.ademi-bau.at\/?page_id=15","title":{"rendered":"\u00dcber uns"},"content":{"rendered":"\n<h2 class=\"wp-block-heading\">Trockenbau mit Herz und Verstand<\/h2>\n\n\n\n<p>F\u00fcr uns ist Trockenbau nicht einfach ein Job, sondern eine Aufgabe. Wir wollen stolz sein auf das, was wir f\u00fcr Sie leisten und darauf, dass Sie mit unserer Leistung zufrieden sind. Darum gehen wir jeden neuen Auftrag mit vollem Einsatz an und verpflichten uns darauf, Ihre Erwartungen nicht nur zu erf\u00fcllen, sondern zu \u00fcbertreffen. Das ist unser Angebot an Sie, an dem Sie uns messen k\u00f6nnen.<\/p>\n\n\n\n<p>Wir sind im Herzen \u00d6sterreichs zu Hause. Wir sind traditionsbewusst und heimatverbunden, haben dabei aber immer ein Auge auf Trends und Entwicklungen. Unsere erfahrenen Mitarbeiter erweitern ihre gute Ausbildung stetig um neues Fachwissen und sind damit in der Lage, auch komplizierte und ungew\u00f6hnliche Projekte perfekt abzuschlie\u00dfen. Flexibilit\u00e4t, Kompetenz und Verl\u00e4sslichkeit sind die Eckpfeiler unseres Qualit\u00e4tsversprechens an Sie.<\/p>\n\n\n\n<h2 class=\"wp-block-heading\">Leistungen und Kompetenzen<\/h2>\n\n\n\n<p>Unser Leistungsspektrum umfasst Trockenbauw\u00e4nde und Wandverkleidungen ebenso wie abgeh\u00e4ngte Decken, Akustikdecken und Heiz- und K\u00fchldecken, die ein perfektes Raumklima erm\u00f6glichen. Selbstverst\u00e4ndlich d\u00fcrfen Sie dabei jederzeit darauf vertrauen, dass wir die h\u00f6chsten Ma\u00dfst\u00e4be in Bezug auf D\u00e4mmung, Umweltschutz und Brandschutz nicht nur einhalten, sondern in vielen F\u00e4llen sogar \u00fcber die geltenden Normen hinausgehen. Unsere Arbeit ist langlebig, zuverl\u00e4ssig und sieht dar\u00fcber hinaus auch richtig gut aus: Ihre Ideen zur anspruchsvollen Innenraumgestaltung sind uns immer herzlich willkommen.<\/p>\n\n\n\n<p>Wir wissen, dass es bei Bauma\u00dfnahmen oft in erster Linie um Vertrauen und Zuverl\u00e4ssigkeit geht. Daher arbeiten wir mit unserem eigenen Team und nicht mit Subunternehmern. Und daher haben Sie bei uns einen festen Ansprechpartner, der Sie und Ihr Projekt von der ersten Idee bis zur endg\u00fcltigen Fertigstellung kompetent begleitet. Transparenz und Fairness spielen f\u00fcr uns dabei eine ebenso gro\u00dfe Rolle wie f\u00fcr Sie. Im Dialog mit Bauherren, Architekten und anderen Dienstleistern an der Baustelle stellen wir sicher, dass alle Auftr\u00e4ge auftrags- und termingerecht erledigt werden.<\/p>\n\n\n\n<figure class=\"wp-block-gallery alignwide has-nested-images columns-2 is-cropped wp-block-gallery-1 is-layout-flex wp-block-gallery-is-layout-flex\">\n<figure class=\"wp-block-image size-full\"><img loading=\"lazy\" decoding=\"async\" width=\"600\" height=\"300\" data-id=\"104\" src=\"http:\/\/www.ademi-bau.at\/wp-content\/uploads\/2022\/12\/image-3.jpeg\" alt=\"\" class=\"wp-image-104\" srcset=\"http:\/\/www.ademi-bau.at\/wp-content\/uploads\/2022\/12\/image-3.jpeg 600w, http:\/\/www.ademi-bau.at\/wp-content\/uploads\/2022\/12\/image-3-300x150.jpeg 300w\" sizes=\"auto, (max-width: 600px) 100vw, 600px\" \/><\/figure>\n\n\n\n<figure class=\"wp-block-image size-full\"><img loading=\"lazy\" decoding=\"async\" width=\"800\" height=\"500\" data-id=\"135\" src=\"http:\/\/www.ademi-bau.at\/wp-content\/uploads\/2022\/12\/image-2.png\" alt=\"\" class=\"wp-image-135\" srcset=\"http:\/\/www.ademi-bau.at\/wp-content\/uploads\/2022\/12\/image-2.png 800w, http:\/\/www.ademi-bau.at\/wp-content\/uploads\/2022\/12\/image-2-300x188.png 300w, http:\/\/www.ademi-bau.at\/wp-content\/uploads\/2022\/12\/image-2-768x480.png 768w\" sizes=\"auto, (max-width: 800px) 100vw, 800px\" \/><\/figure>\n<\/figure>\n","protected":false},"excerpt":{"rendered":"<p>Trockenbau mit Herz und Verstand F\u00fcr uns ist Trockenbau nicht einfach ein Job, sondern eine Aufgabe. Wir wollen stolz sein auf das, was wir f\u00fcr Sie leisten und darauf, dass Sie mit unserer Leistung zufrieden sind. Darum gehen wir jeden neuen Auftrag mit vollem Einsatz an und verpflichten uns darauf, Ihre Erwartungen nicht nur zu [&hellip;]<\/p>\n","protected":false},"author":1,"featured_media":0,"parent":0,"menu_order":0,"comment_status":"closed","ping_status":"closed","template":"templates\/template-full-width.php","meta":{"_ti_tpc_template_sync":false,"_ti_tpc_template_id":"","footnotes":""},"class_list":["post-15","page","type-page","status-publish","hentry"],"_links":{"self":[{"href":"http:\/\/www.ademi-bau.at\/index.php?rest_route=\/wp\/v2\/pages\/15","targetHints":{"allow":["GET"]}}],"collection":[{"href":"http:\/\/www.ademi-bau.at\/index.php?rest_route=\/wp\/v2\/pages"}],"about":[{"href":"http:\/\/www.ademi-bau.at\/index.php?rest_route=\/wp\/v2\/types\/page"}],"author":[{"embeddable":true,"href":"http:\/\/www.ademi-bau.at\/index.php?rest_route=\/wp\/v2\/users\/1"}],"replies":[{"embeddable":true,"href":"http:\/\/www.ademi-bau.at\/index.php?rest_route=%2Fwp%2Fv2%2Fcomments&post=15"}],"version-history":[{"count":5,"href":"http:\/\/www.ademi-bau.at\/index.php?rest_route=\/wp\/v2\/pages\/15\/revisions"}],"predecessor-version":[{"id":178,"href":"http:\/\/www.ademi-bau.at\/index.php?rest_route=\/wp\/v2\/pages\/15\/revisions\/178"}],"wp:attachment":[{"href":"http:\/\/www.ademi-bau.at\/index.php?rest_route=%2Fwp%2Fv2%2Fmedia&parent=15"}],"curies":[{"name":"wp","href":"https:\/\/api.w.org\/{rel}","templated":true}]}}